{"id":117,"date":"2022-09-10T19:54:22","date_gmt":"2022-09-10T19:54:22","guid":{"rendered":"https:\/\/vilahermes-paralia.com\/?page_id=117"},"modified":"2022-09-11T14:41:59","modified_gmt":"2022-09-11T14:41:59","slug":"apartman","status":"publish","type":"page","link":"https:\/\/vilahermes-paralia.com\/en\/apartman\/","title":{"rendered":"Apartment"},"content":{"rendered":"<hr class=\"wp-block-separator aligncenter has-alpha-channel-opacity\"\/>\n\n\n\n<p class=\"has-text-align-left\">Apartman je povr\u0161ine 40m<sup>2<\/sup> i kapaciteta 4 osobe. Poseduje odvojenu spava\u0107u sobu, kombinovanu dnevnu sobu sa kuhinjom, kupatilo i veliku terasu (12m<sup>2<\/sup>). U celom apartmanu postoji glavno i diskretno LED osvetljenje.Tako\u0111e, u apartmanu postoji i WiFi Internet (antena na sredini plafona dnevne sobe).<\/p>\n\n\n\n<figure class=\"wp-block-image aligncenter size-full is-resized\"><img loading=\"lazy\" decoding=\"async\" src=\"https:\/\/vilahermes-paralia.com\/wp-content\/uploads\/2022\/09\/Plan.png\" alt=\"\" class=\"wp-image-123\" width=\"646\" height=\"502\" srcset=\"https:\/\/vilahermes-paralia.com\/wp-content\/uploads\/2022\/09\/Plan.png 1023w, https:\/\/vilahermes-paralia.com\/wp-content\/uploads\/2022\/09\/Plan-300x233.png 300w, https:\/\/vilahermes-paralia.com\/wp-content\/uploads\/2022\/09\/Plan-768x597.png 768w\" sizes=\"auto, (max-width: 646px) 100vw, 646px\" \/><figcaption><strong>Plan apartmana<\/strong><\/figcaption><\/figure>\n\n\n\n<figure class=\"wp-block-table\"><table><tbody><tr><td class=\"has-text-align-left\" data-align=\"left\"><br><br><br><br><br><br><br><br>Kuhinja je potpuno opremljena indukcionom ravnom plo\u010dom sa dve ringle, aspiratorom, mikrotalasnom rernom sa grilom, ma\u0161inom za pranje posu\u0111a i fri\u017eiderom pune veli\u010dine sa zamrziva\u010dem. U kuhinji postoji kompletno posu\u0111e i pribor.<\/td><td><img loading=\"lazy\" decoding=\"async\" width=\"400\" height=\"300\" class=\"wp-image-89\" style=\"width: 400px;\" src=\"https:\/\/vilahermes-paralia.com\/wp-content\/uploads\/2022\/09\/IMG_5824.HEIC-scaled.jpg\" alt=\"\" srcset=\"https:\/\/vilahermes-paralia.com\/wp-content\/uploads\/2022\/09\/IMG_5824.HEIC-scaled.jpg 2560w, https:\/\/vilahermes-paralia.com\/wp-content\/uploads\/2022\/09\/IMG_5824.HEIC-300x225.jpg 300w, https:\/\/vilahermes-paralia.com\/wp-content\/uploads\/2022\/09\/IMG_5824.HEIC-1024x768.jpg 1024w, https:\/\/vilahermes-paralia.com\/wp-content\/uploads\/2022\/09\/IMG_5824.HEIC-768x576.jpg 768w, https:\/\/vilahermes-paralia.com\/wp-content\/uploads\/2022\/09\/IMG_5824.HEIC-1536x1152.jpg 1536w, https:\/\/vilahermes-paralia.com\/wp-content\/uploads\/2022\/09\/IMG_5824.HEIC-2048x1536.jpg 2048w\" sizes=\"auto, (max-width: 400px) 100vw, 400px\" \/><\/td><\/tr><tr><td class=\"has-text-align-left\" data-align=\"left\"><img loading=\"lazy\" decoding=\"async\" width=\"400\" height=\"300\" class=\"wp-image-69\" style=\"width: 400px;\" src=\"https:\/\/vilahermes-paralia.com\/wp-content\/uploads\/2022\/09\/IMG_5801.HEIC-scaled.jpg\" alt=\"\" srcset=\"https:\/\/vilahermes-paralia.com\/wp-content\/uploads\/2022\/09\/IMG_5801.HEIC-scaled.jpg 2560w, https:\/\/vilahermes-paralia.com\/wp-content\/uploads\/2022\/09\/IMG_5801.HEIC-300x225.jpg 300w, https:\/\/vilahermes-paralia.com\/wp-content\/uploads\/2022\/09\/IMG_5801.HEIC-1024x768.jpg 1024w, https:\/\/vilahermes-paralia.com\/wp-content\/uploads\/2022\/09\/IMG_5801.HEIC-768x576.jpg 768w, https:\/\/vilahermes-paralia.com\/wp-content\/uploads\/2022\/09\/IMG_5801.HEIC-1536x1152.jpg 1536w, https:\/\/vilahermes-paralia.com\/wp-content\/uploads\/2022\/09\/IMG_5801.HEIC-2048x1536.jpg 2048w\" sizes=\"auto, (max-width: 400px) 100vw, 400px\" \/><\/td><td><br><br><br><br><br><br><br>U dnevnoj sobi postoji ugaona garnitura koja se rasklapa, klub sto\u010di\u0107 i televizor sa satelitskim programom koji uklju\u010duje i srpske kanale. U dnevnoj sobi je instaliran i klima ure\u0111aj.<\/td><\/tr><tr><td class=\"has-text-align-left\" data-align=\"left\"><br><br><br><br><br><br>U spava\u0107oj sobi je francuski le\u017eaj, plakar i televizor koji je tako\u0111e povezan na satelitski sistem sa srpskim programima.<\/td><td><img loading=\"lazy\" decoding=\"async\" width=\"150\" height=\"200\" class=\"wp-image-78\" style=\"width: 150px;\" src=\"https:\/\/vilahermes-paralia.com\/wp-content\/uploads\/2022\/09\/IMG_5810.HEIC-scaled.jpg\" alt=\"\" srcset=\"https:\/\/vilahermes-paralia.com\/wp-content\/uploads\/2022\/09\/IMG_5810.HEIC-scaled.jpg 1920w, https:\/\/vilahermes-paralia.com\/wp-content\/uploads\/2022\/09\/IMG_5810.HEIC-225x300.jpg 225w, https:\/\/vilahermes-paralia.com\/wp-content\/uploads\/2022\/09\/IMG_5810.HEIC-768x1024.jpg 768w, https:\/\/vilahermes-paralia.com\/wp-content\/uploads\/2022\/09\/IMG_5810.HEIC-1152x1536.jpg 1152w, https:\/\/vilahermes-paralia.com\/wp-content\/uploads\/2022\/09\/IMG_5810.HEIC-1536x2048.jpg 1536w\" sizes=\"auto, (max-width: 150px) 100vw, 150px\" \/>   <img loading=\"lazy\" decoding=\"async\" width=\"150\" height=\"200\" class=\"wp-image-77\" style=\"width: 150px;\" src=\"https:\/\/vilahermes-paralia.com\/wp-content\/uploads\/2022\/09\/IMG_5809.HEIC-scaled.jpg\" alt=\"\" srcset=\"https:\/\/vilahermes-paralia.com\/wp-content\/uploads\/2022\/09\/IMG_5809.HEIC-scaled.jpg 1920w, https:\/\/vilahermes-paralia.com\/wp-content\/uploads\/2022\/09\/IMG_5809.HEIC-225x300.jpg 225w, https:\/\/vilahermes-paralia.com\/wp-content\/uploads\/2022\/09\/IMG_5809.HEIC-768x1024.jpg 768w, https:\/\/vilahermes-paralia.com\/wp-content\/uploads\/2022\/09\/IMG_5809.HEIC-1152x1536.jpg 1152w, https:\/\/vilahermes-paralia.com\/wp-content\/uploads\/2022\/09\/IMG_5809.HEIC-1536x2048.jpg 1536w\" sizes=\"auto, (max-width: 150px) 100vw, 150px\" \/><\/td><\/tr><tr><td class=\"has-text-align-left\" data-align=\"left\"><img loading=\"lazy\" decoding=\"async\" width=\"150\" height=\"200\" class=\"wp-image-90\" style=\"width: 150px;\" src=\"https:\/\/vilahermes-paralia.com\/wp-content\/uploads\/2022\/09\/IMG_5825.HEIC-scaled.jpg\" alt=\"\" srcset=\"https:\/\/vilahermes-paralia.com\/wp-content\/uploads\/2022\/09\/IMG_5825.HEIC-scaled.jpg 1920w, https:\/\/vilahermes-paralia.com\/wp-content\/uploads\/2022\/09\/IMG_5825.HEIC-225x300.jpg 225w, https:\/\/vilahermes-paralia.com\/wp-content\/uploads\/2022\/09\/IMG_5825.HEIC-768x1024.jpg 768w, https:\/\/vilahermes-paralia.com\/wp-content\/uploads\/2022\/09\/IMG_5825.HEIC-1152x1536.jpg 1152w, https:\/\/vilahermes-paralia.com\/wp-content\/uploads\/2022\/09\/IMG_5825.HEIC-1536x2048.jpg 1536w\" sizes=\"auto, (max-width: 150px) 100vw, 150px\" \/>  <img loading=\"lazy\" decoding=\"async\" width=\"150\" height=\"200\" class=\"wp-image-91\" style=\"width: 150px;\" src=\"https:\/\/vilahermes-paralia.com\/wp-content\/uploads\/2022\/09\/IMG_5826.HEIC-scaled.jpg\" alt=\"\" srcset=\"https:\/\/vilahermes-paralia.com\/wp-content\/uploads\/2022\/09\/IMG_5826.HEIC-scaled.jpg 1920w, https:\/\/vilahermes-paralia.com\/wp-content\/uploads\/2022\/09\/IMG_5826.HEIC-225x300.jpg 225w, https:\/\/vilahermes-paralia.com\/wp-content\/uploads\/2022\/09\/IMG_5826.HEIC-768x1024.jpg 768w, https:\/\/vilahermes-paralia.com\/wp-content\/uploads\/2022\/09\/IMG_5826.HEIC-1152x1536.jpg 1152w, https:\/\/vilahermes-paralia.com\/wp-content\/uploads\/2022\/09\/IMG_5826.HEIC-1536x2048.jpg 1536w\" sizes=\"auto, (max-width: 150px) 100vw, 150px\" \/><\/td><td><br><br><br><br><br><br>U kupatilu se nalazi deo za tu\u0161iranje u ravni poda odvojen staklenim paravanom od ostatka kupatila. U kupatilu postoji i ma\u0161ina za ve\u0161 kapaciteta 4kg. Kupatilo je opremljeno i zidnim fenom.<\/td><\/tr><tr><td class=\"has-text-align-left\" data-align=\"left\"><br><br><br><br><br><br>Terasa je prostrana povr\u0161ine 12m<sup>2<\/sup> sa bo\u010dnim pogledom na more. Na terasi se nalazi sto sa 4 stolice i su\u0161ilica za ve\u0161.<\/td><td><img loading=\"lazy\" decoding=\"async\" width=\"150\" height=\"200\" class=\"wp-image-84\" style=\"width: 150px;\" src=\"https:\/\/vilahermes-paralia.com\/wp-content\/uploads\/2022\/09\/IMG_5816.HEIC-scaled.jpg\" alt=\"\" srcset=\"https:\/\/vilahermes-paralia.com\/wp-content\/uploads\/2022\/09\/IMG_5816.HEIC-scaled.jpg 1920w, https:\/\/vilahermes-paralia.com\/wp-content\/uploads\/2022\/09\/IMG_5816.HEIC-225x300.jpg 225w, https:\/\/vilahermes-paralia.com\/wp-content\/uploads\/2022\/09\/IMG_5816.HEIC-768x1024.jpg 768w, https:\/\/vilahermes-paralia.com\/wp-content\/uploads\/2022\/09\/IMG_5816.HEIC-1152x1536.jpg 1152w, https:\/\/vilahermes-paralia.com\/wp-content\/uploads\/2022\/09\/IMG_5816.HEIC-1536x2048.jpg 1536w\" sizes=\"auto, (max-width: 150px) 100vw, 150px\" \/> <img loading=\"lazy\" decoding=\"async\" width=\"150\" height=\"200\" class=\"wp-image-82\" style=\"width: 150px;\" src=\"https:\/\/vilahermes-paralia.com\/wp-content\/uploads\/2022\/09\/IMG_5814.HEIC-scaled.jpg\" alt=\"\" srcset=\"https:\/\/vilahermes-paralia.com\/wp-content\/uploads\/2022\/09\/IMG_5814.HEIC-scaled.jpg 1920w, https:\/\/vilahermes-paralia.com\/wp-content\/uploads\/2022\/09\/IMG_5814.HEIC-225x300.jpg 225w, https:\/\/vilahermes-paralia.com\/wp-content\/uploads\/2022\/09\/IMG_5814.HEIC-768x1024.jpg 768w, https:\/\/vilahermes-paralia.com\/wp-content\/uploads\/2022\/09\/IMG_5814.HEIC-1152x1536.jpg 1152w, https:\/\/vilahermes-paralia.com\/wp-content\/uploads\/2022\/09\/IMG_5814.HEIC-1536x2048.jpg 1536w\" sizes=\"auto, (max-width: 150px) 100vw, 150px\" \/><\/td><\/tr><tr><td class=\"has-text-align-left\" data-align=\"left\"><\/td><td><\/td><\/tr><\/tbody><\/table><\/figure>","protected":false},"excerpt":{"rendered":"<p>Spacious apartment with a separate bedroom<\/p>","protected":false},"author":1,"featured_media":123,"parent":0,"menu_order":0,"comment_status":"closed","ping_status":"closed","template":"page-templates\/page-builder.php","meta":{"om_disable_all_campaigns":false,"_monsterinsights_skip_tracking":false,"_monsterinsights_sitenote_active":false,"_monsterinsights_sitenote_note":"","_monsterinsights_sitenote_category":0,"footnotes":""},"class_list":["post-117","page","type-page","status-publish","has-post-thumbnail","hentry"],"aioseo_notices":[],"_links":{"self":[{"href":"https:\/\/vilahermes-paralia.com\/en\/wp-json\/wp\/v2\/pages\/117","targetHints":{"allow":["GET"]}}],"collection":[{"href":"https:\/\/vilahermes-paralia.com\/en\/wp-json\/wp\/v2\/pages"}],"about":[{"href":"https:\/\/vilahermes-paralia.com\/en\/wp-json\/wp\/v2\/types\/page"}],"author":[{"embeddable":true,"href":"https:\/\/vilahermes-paralia.com\/en\/wp-json\/wp\/v2\/users\/1"}],"replies":[{"embeddable":true,"href":"https:\/\/vilahermes-paralia.com\/en\/wp-json\/wp\/v2\/comments?post=117"}],"version-history":[{"count":16,"href":"https:\/\/vilahermes-paralia.com\/en\/wp-json\/wp\/v2\/pages\/117\/revisions"}],"predecessor-version":[{"id":241,"href":"https:\/\/vilahermes-paralia.com\/en\/wp-json\/wp\/v2\/pages\/117\/revisions\/241"}],"wp:featuredmedia":[{"embeddable":true,"href":"https:\/\/vilahermes-paralia.com\/en\/wp-json\/wp\/v2\/media\/123"}],"wp:attachment":[{"href":"https:\/\/vilahermes-paralia.com\/en\/wp-json\/wp\/v2\/media?parent=117"}],"curies":[{"name":"wp","href":"https:\/\/api.w.org\/{rel}","templated":true}]}}